{"id":2780,"date":"2015-11-03T02:46:28","date_gmt":"2015-11-03T02:46:28","guid":{"rendered":"http:\/\/demo.thimpress.com\/eduma\/?page_id=2780"},"modified":"2023-01-11T00:52:52","modified_gmt":"2023-01-11T05:52:52","slug":"become-a-teacher","status":"publish","type":"page","link":"https:\/\/academia.interloginc.com\/lms\/become-a-teacher\/","title":{"rendered":"Become a Teacher"},"content":{"rendered":"\t\t<div data-elementor-type=\"wp-post\" data-elementor-id=\"2780\" class=\"elementor elementor-2780\">\n\t\t\t\t\t\t<section class=\"elementor-section elementor-top-section elementor-element elementor-element-ef5fe4b elementor-section-boxed elementor-section-height-default elementor-section-height-default\" data-id=\"ef5fe4b\" data-element_type=\"section\">\n\t\t\t\t\t\t<div class=\"elementor-container elementor-column-gap-no\">\n\t\t\t\t\t<div class=\"elementor-column elementor-col-100 elementor-top-column elementor-element elementor-element-dcdc7a9\" data-id=\"dcdc7a9\" data-element_type=\"column\">\n\t\t\t<div class=\"elementor-widget-wrap elementor-element-populated\">\n\t\t\t\t\t\t<div class=\"elementor-element elementor-element-7dcf409 thim-ekits-heading-text-center elementor-widget thim-ekits-heading elementor-widget-thim-heading\" data-id=\"7dcf409\" data-element_type=\"widget\" data-widget_type=\"thim-heading.default\">\n\t\t\t\t<div class=\"elementor-widget-container\">\n\t\t\t\t\t<div class=\"sc_heading text-center\"><h3 class=\"title\">Aplicar como Instructor<\/h3><div class=\"sub-heading\"><p>Ay\u00fadanos a crecer, y obt\u00e9n un ingreso extra<\/p>\n<\/div><span class=\"line\"><\/span><\/div>\t\t\t\t<\/div>\n\t\t\t\t<\/div>\n\t\t\t\t\t<\/div>\n\t\t<\/div>\n\t\t\t\t\t<\/div>\n\t\t<\/section>\n\t\t\t\t<section class=\"elementor-section elementor-top-section elementor-element elementor-element-c7807e6 elementor-section-boxed elementor-section-height-default elementor-section-height-default\" data-id=\"c7807e6\" data-element_type=\"section\">\n\t\t\t\t\t\t<div class=\"elementor-container elementor-column-gap-no\">\n\t\t\t\t\t<div class=\"elementor-column elementor-col-100 elementor-top-column elementor-element elementor-element-0451d5b\" data-id=\"0451d5b\" data-element_type=\"column\">\n\t\t\t<div class=\"elementor-widget-wrap elementor-element-populated\">\n\t\t\t\t\t\t<div class=\"elementor-element elementor-element-2463128 elementor-widget elementor-widget-text-editor\" data-id=\"2463128\" data-element_type=\"widget\" data-widget_type=\"text-editor.default\">\n\t\t\t\t<div class=\"elementor-widget-container\">\n\t\t\t\t\t\t\t\t\t<p style=\"text-align: center;\">Lea detenidamente la siguiente informaci\u00f3n de c\u00f3mo puede ser instructor de nuestra Academia, si cree que puede aplicar no dude en registrarse y enviarnos cualquier inquietud programaremos una reuni\u00f3n en breve, estaremos a gusto de poder trabajar en equipo con usted.<\/p>\t\t\t\t\t\t\t\t<\/div>\n\t\t\t\t<\/div>\n\t\t\t\t\t<\/div>\n\t\t<\/div>\n\t\t\t\t\t<\/div>\n\t\t<\/section>\n\t\t\t\t<section class=\"elementor-section elementor-top-section elementor-element elementor-element-b01b394 elementor-section-boxed elementor-section-height-default elementor-section-height-default\" data-id=\"b01b394\" data-element_type=\"section\">\n\t\t\t\t\t\t<div class=\"elementor-container elementor-column-gap-no\">\n\t\t\t\t\t<div class=\"elementor-column elementor-col-100 elementor-top-column elementor-element elementor-element-d723cc2\" data-id=\"d723cc2\" data-element_type=\"column\">\n\t\t\t<div class=\"elementor-widget-wrap elementor-element-populated\">\n\t\t\t\t\t\t<div class=\"elementor-element elementor-element-800fe82 elementor-widget elementor-widget-image\" data-id=\"800fe82\" data-element_type=\"widget\" data-widget_type=\"image.default\">\n\t\t\t\t<div class=\"elementor-widget-container\">\n\t\t\t\t\t\t\t\t\t\t\t\t\t\t\t<img fetchpriority=\"high\" decoding=\"async\" width=\"1170\" height=\"478\" src=\"https:\/\/academia.interloginc.com\/lms\/wp-content\/uploads\/2015\/11\/become-teacher.jpg\" class=\"attachment-full size-full wp-image-2892\" alt=\"\" srcset=\"https:\/\/academia.interloginc.com\/lms\/wp-content\/uploads\/2015\/11\/become-teacher.jpg 1170w, https:\/\/academia.interloginc.com\/lms\/wp-content\/uploads\/2015\/11\/become-teacher-600x245.jpg 600w, https:\/\/academia.interloginc.com\/lms\/wp-content\/uploads\/2015\/11\/become-teacher-300x123.jpg 300w, https:\/\/academia.interloginc.com\/lms\/wp-content\/uploads\/2015\/11\/become-teacher-1024x418.jpg 1024w, https:\/\/academia.interloginc.com\/lms\/wp-content\/uploads\/2015\/11\/become-teacher-768x314.jpg 768w\" sizes=\"(max-width: 1170px) 100vw, 1170px\" \/>\t\t\t\t\t\t\t\t\t\t\t\t\t\t\t<\/div>\n\t\t\t\t<\/div>\n\t\t\t\t\t<\/div>\n\t\t<\/div>\n\t\t\t\t\t<\/div>\n\t\t<\/section>\n\t\t\t\t<section class=\"elementor-section elementor-top-section elementor-element elementor-element-13605c6 elementor-section-boxed elementor-section-height-default elementor-section-height-default\" data-id=\"13605c6\" data-element_type=\"section\">\n\t\t\t\t\t\t<div class=\"elementor-container elementor-column-gap-no\">\n\t\t\t\t\t<div class=\"elementor-column elementor-col-100 elementor-top-column elementor-element elementor-element-7b719b3\" data-id=\"7b719b3\" data-element_type=\"column\">\n\t\t\t<div class=\"elementor-widget-wrap elementor-element-populated\">\n\t\t\t\t\t\t<div class=\"elementor-element elementor-element-76fda43 thim-ekits-heading-text-center elementor-widget thim-ekits-heading elementor-widget-thim-heading\" data-id=\"76fda43\" data-element_type=\"widget\" data-widget_type=\"thim-heading.default\">\n\t\t\t\t<div class=\"elementor-widget-container\">\n\t\t\t\t\t<div class=\"sc_heading text-center\"><h3 class=\"title\">Como ser Instructor<\/h3><\/div>\t\t\t\t<\/div>\n\t\t\t\t<\/div>\n\t\t\t\t\t<\/div>\n\t\t<\/div>\n\t\t\t\t\t<\/div>\n\t\t<\/section>\n\t\t\t\t<section class=\"elementor-section elementor-top-section elementor-element elementor-element-2482687 elementor-section-boxed elementor-section-height-default elementor-section-height-default\" data-id=\"2482687\" data-element_type=\"section\">\n\t\t\t\t\t\t<div class=\"elementor-container elementor-column-gap-extended\">\n\t\t\t\t\t<div class=\"elementor-column elementor-col-50 elementor-top-column elementor-element elementor-element-acc3f7f\" data-id=\"acc3f7f\" data-element_type=\"column\">\n\t\t\t<div class=\"elementor-widget-wrap elementor-element-populated\">\n\t\t\t\t\t\t<div class=\"elementor-element elementor-element-847f97a elementor-widget elementor-widget-shortcode\" data-id=\"847f97a\" data-element_type=\"widget\" data-widget_type=\"shortcode.default\">\n\t\t\t\t<div class=\"elementor-widget-container\">\n\t\t\t\t\t\t\t<div class=\"elementor-shortcode\"><div class=\"learnpress\">\n\t\t\t\t\t\t\t\t\t<div class=\"learn-press-message success\" >\n\t\t\t\t \u00a1Por favor, <strong><a href=\"https:\/\/academia.interloginc.com\/lms\/wp-login.php\">Acceder<\/a><\/strong> para enviar tu solicitud!\t\t\t<\/div>\n\n\t\t\n\t\n<\/div><\/div>\n\t\t\t\t\t\t<\/div>\n\t\t\t\t<\/div>\n\t\t\t\t\t<\/div>\n\t\t<\/div>\n\t\t\t\t<div class=\"elementor-column elementor-col-50 elementor-top-column elementor-element elementor-element-b0d39cc\" data-id=\"b0d39cc\" data-element_type=\"column\">\n\t\t\t<div class=\"elementor-widget-wrap elementor-element-populated\">\n\t\t\t\t\t\t<div class=\"elementor-element elementor-element-05a9d4d thim-widget-tab elementor-widget thim-widget-tab template-tab\" data-id=\"05a9d4d\" data-element_type=\"widget\" data-widget_type=\"thim-tab.default\">\n\t\t\t\t<div class=\"elementor-widget-container\">\n\t\t\t\t\t<ul class=\"nav nav-tabs\" role=\"tablist\"><li role=\"presentation\" class='active tab-col-3'><a href=\"#thim-widget-tab-11776022843-1-11\"  role=\"tab\" data-toggle=\"tab\"><i class=\"fa fa-user-plus\"><\/i><span>Descripci\u00f3n<\/span><\/a><\/li><li role=\"presentation\" class='tab-col-3'><a href=\"#thim-widget-tab-21776022843-1-11\"  role=\"tab\" data-toggle=\"tab\"><i class=\"fa fa-list-ol\"><\/i><span>Reglas Instructor<\/span><\/a><\/li><li role=\"presentation\" class='tab-col-3'><a href=\"#thim-widget-tab-31776022843-1-11\"  role=\"tab\" data-toggle=\"tab\"><i class=\"fa fa-book\"><\/i><span>Empezar con cursos<\/span><\/a><\/li><\/ul><div class=\"tab-content\"> <div role=\"tabpanel\" class=\"tab-pane active\" id=\"thim-widget-tab-11776022843-1-11\"><p>Si est\u00e1s interesado en convertirte en instructor de nuestra academia, es probable que tengas una gran oportunidad de hacerlo si tienes experiencia comprobable en temas relacionados con las tecnolog\u00edas de la informaci\u00f3n. Adem\u00e1s, si tienes tiempo disponible para dedicar a la ense\u00f1anza, y si te apasiona la tecnolog\u00eda y te gusta trabajar en equipo, entonces eres el candidato ideal para nuestra instituci\u00f3n. <\/p>\n\n<p>Para ser instructor en nuestra academia, es importante que tengas habilidades y conocimientos s\u00f3lidos en una o m\u00e1s \u00e1reas de las tecnolog\u00edas de la informaci\u00f3n. Esto puede incluir experiencia en programaci\u00f3n, seguridad inform\u00e1tica, inteligencia artificial, desarrollo de aplicaciones m\u00f3viles, entre otros temas. Adem\u00e1s, es valorado contar con certificaciones o t\u00edtulos relacionados con esas tematicas.<\/p>\n\n<p>Adem\u00e1s de tener experiencia y habilidades t\u00e9cnicas, es importante que tengas habilidades pedag\u00f3gicas para poder ense\u00f1ar eficazmente a nuestros estudiantes. Esto incluye la capacidad de comunicar de manera clara y efectiva, la capacidad de adaptar el contenido para distintos niveles de conocimiento y habilidades, y la habilidad para crear un ambiente de aprendizaje positivo. <\/p>\n\n<p>Ser un instructor en nuestra academia es un trabajo en sociedad, ya que trabajar\u00e1s en estrecha colaboraci\u00f3n con otros instructores y el equipo de la academia para crear planes de estudio y mejorar la experiencia de aprendizaje de nuestros estudiantes. Tambi\u00e9n se espera un compromiso continuo para actualizarte y mantener tus conocimientos en las \u00faltimas tendencias y tecnolog\u00edas relacionadas con tu \u00e1rea de especializaci\u00f3n. <\/p>\n\n<p>En resumen, si tienes experiencia comprobable en temas relacionados con las tecnolog\u00edas de la informaci\u00f3n, tienes tiempo disponible, te apasiona la tecnolog\u00eda y te gusta trabajar en equipo, ademas estas dispuesto a comprometerte en un trabajo en sociedad con la academia, entonces estamos interesados en conocerte y contar contigo como instructor en nuestra academia. <\/p><\/div> <div role=\"tabpanel\" class=\"tab-pane\" id=\"thim-widget-tab-21776022843-1-11\"><p>A continuaci\u00f3n, te presento algunas reglas que el instructor debe seguir para poder aplicar en nuestra academia:<\/p>\n<ol>\n<li>Tener un equipo de escritorio con una conexi\u00f3n a internet estable y suficiente velocidad para llevar a cabo clases en l\u00ednea. <\/li>\n\n<li>Tener una c\u00e1mara web de alta calidad y un micr\u00f3fono de buena calidad para garantizar una comunicaci\u00f3n clara y efectiva con los estudiantes. <\/li>\n\n<li>Utilizar un fondo croma para reducir distracciones visuales durante las clases en l\u00ednea. <\/li>\n\n<li>Estar disponible para reuniones regulares con la parte administrativa de la academia para planificar y construir el curso y discutir cualquier problema o sugerencia relacionado con el mismo. <\/li>\n\n<li>Mantener una comunicaci\u00f3n regular y transparente con los estudiantes, a trav\u00e9s de correos electr\u00f3nicos, chats, videollamadas, entre otros medios, para asegurar que los estudiantes est\u00e9n informados y involucrados en el proceso de aprendizaje. <\/li>\n\n<li>Preparar y proporcionar materiales de apoyo, como presentaciones, ejercicios y lecturas, para ayudar a los estudiantes a comprender y aplicar los conceptos discutidos en clase. <\/li>\n\n<li>Establecer y cumplir objetivos claros para cada unidad o m\u00f3dulo del curso, y proporcionar retroalimentaci\u00f3n regular a los estudiantes para ayudarles a medir su progreso. <\/li>\n\n<li>Estar dispuesto a adaptar y modificar el curso seg\u00fan las necesidades y sugerencias de los estudiantes, con el objetivo de mejorar continuamente la experiencia de aprendizaje. <\/li>\n\n<li>Participar en capacitaciones y actualizaciones contin\u00faas para estar al d\u00eda en las \u00faltimas tendencias y tecnolog\u00edas relacionadas con tu \u00e1rea de especializaci\u00f3n. <\/li>\n\n<li>Establecer y mantener un ambiente de aprendizaje positivo y respetuoso, fomentando la inclusi\u00f3n, colaboraci\u00f3n y el aprendizaje en equipo. <\/li>\n\n<\/ol><\/div> <div role=\"tabpanel\" class=\"tab-pane\" id=\"thim-widget-tab-31776022843-1-11\">Estamos buscando talentosos instructores en nuestra academia, especialistas en tecnolog\u00edas de la informaci\u00f3n, para liderar nuestros cursos y ayudar a nuestros estudiantes a alcanzar sus metas de aprendizaje. Si tienes experiencia comprobable en una o m\u00e1s \u00e1reas relacionadas con las tecnolog\u00edas de la informaci\u00f3n, te apasiona la ense\u00f1anza y est\u00e1s buscando un nuevo desaf\u00edo, \u00a1estamos interesados en conocerte! \n\n<br>Nos encantar\u00eda recibir tu solicitud de registro y una breve descripci\u00f3n de la tem\u00e1tica que te gustar\u00eda ense\u00f1ar, as\u00ed como tambi\u00e9n tus experiencias previas, nuevas ideas y por qu\u00e9 te gustar\u00eda trabajar en nuestra academia.<\/br>\n\n<br>Por favor, proporciona detalles sobre tu experiencia en el campo de las tecnolog\u00edas de la informaci\u00f3n, incluyendo tu formaci\u00f3n acad\u00e9mica, certificaciones y cualquier experiencia laboral relevante. Tambi\u00e9n nos gustar\u00eda saber m\u00e1s sobre tus ideas creativas y enfoques pedag\u00f3gicos, as\u00ed como cualquier otra informaci\u00f3n que consideres importante para tu candidatura.<\/br>\n\n<br>Ser parte de nuestra academia significa formar parte de un equipo de profesionales dedicados y comprometidos con la ense\u00f1anza de las tecnolog\u00edas de la informaci\u00f3n. Nos esforzamos por brindar un ambiente de aprendizaje positivo y colaborativo, y estamos comprometidos a ayudar a nuestros instructores a desarrollar sus habilidades y crecer en su carrera.<\/br>\n\n<br>Si estas interesado en unirte a nuestro equipo, \u00a1reg\u00edstrate hoy mismo! Estamos ansiosos de conocer tu experiencia y tus ideas, y de trabajar juntos para ayudar a nuestros estudiantes a alcanzar sus metas. <\/br>\n\n<br> Lo primero que debes realizar es registrarte en nuestra academia y luego te aparecer\u00e1 un formulario a la izquierda de este men\u00fa el cual debes diligenciar con los datos solicitados anteriormente. <\/br><\/div><\/div>\t\t\t\t<\/div>\n\t\t\t\t<\/div>\n\t\t\t\t\t<\/div>\n\t\t<\/div>\n\t\t\t\t\t<\/div>\n\t\t<\/section>\n\t\t\t\t<\/div>\n\t\t","protected":false},"excerpt":{"rendered":"<p>Aplicar como Instructor Ay\u00fadanos a crecer, y obt\u00e9n un ingreso extra Lea detenidamente la siguiente informaci\u00f3n de c\u00f3mo puede ser instructor de nuestra Academia, si cree que puede aplicar no dude en registrarse y enviarnos cualquier inquietud programaremos una reuni\u00f3n &hellip; <\/p>\n","protected":false},"author":1,"featured_media":0,"parent":0,"menu_order":0,"comment_status":"closed","ping_status":"closed","template":"","meta":{"_joinchat":[],"footnotes":""},"class_list":["post-2780","page","type-page","status-publish","hentry"],"jetpack_sharing_enabled":true,"_links":{"self":[{"href":"https:\/\/academia.interloginc.com\/lms\/wp-json\/wp\/v2\/pages\/2780","targetHints":{"allow":["GET"]}}],"collection":[{"href":"https:\/\/academia.interloginc.com\/lms\/wp-json\/wp\/v2\/pages"}],"about":[{"href":"https:\/\/academia.interloginc.com\/lms\/wp-json\/wp\/v2\/types\/page"}],"author":[{"embeddable":true,"href":"https:\/\/academia.interloginc.com\/lms\/wp-json\/wp\/v2\/users\/1"}],"replies":[{"embeddable":true,"href":"https:\/\/academia.interloginc.com\/lms\/wp-json\/wp\/v2\/comments?post=2780"}],"version-history":[{"count":33,"href":"https:\/\/academia.interloginc.com\/lms\/wp-json\/wp\/v2\/pages\/2780\/revisions"}],"predecessor-version":[{"id":11947,"href":"https:\/\/academia.interloginc.com\/lms\/wp-json\/wp\/v2\/pages\/2780\/revisions\/11947"}],"wp:attachment":[{"href":"https:\/\/academia.interloginc.com\/lms\/wp-json\/wp\/v2\/media?parent=2780"}],"curies":[{"name":"wp","href":"https:\/\/api.w.org\/{rel}","templated":true}]}}