{"id":11840,"date":"2023-01-10T22:24:41","date_gmt":"2023-01-11T03:24:41","guid":{"rendered":"https:\/\/academia.interloginc.com\/lms\/?page_id=11840"},"modified":"2023-01-10T23:17:35","modified_gmt":"2023-01-11T04:17:35","slug":"politica-de-privacidad-academia-interloginc","status":"publish","type":"page","link":"https:\/\/academia.interloginc.com\/lms\/politica-de-privacidad-academia-interloginc\/","title":{"rendered":"Pol\u00edtica de Privacidad Interloginc"},"content":{"rendered":"\t\t<div data-elementor-type=\"wp-page\" data-elementor-id=\"11840\" class=\"elementor elementor-11840\">\n\t\t\t\t\t\t<section class=\"elementor-section elementor-top-section elementor-element elementor-element-ce552e8 elementor-section-boxed elementor-section-height-default elementor-section-height-default\" data-id=\"ce552e8\" data-element_type=\"section\">\n\t\t\t\t\t\t<div class=\"elementor-container elementor-column-gap-default\">\n\t\t\t\t\t<div class=\"elementor-column elementor-col-100 elementor-top-column elementor-element elementor-element-95af50b\" data-id=\"95af50b\" data-element_type=\"column\">\n\t\t\t<div class=\"elementor-widget-wrap elementor-element-populated\">\n\t\t\t\t\t\t<div class=\"elementor-element elementor-element-39df7d8 elementor-widget elementor-widget-text-editor\" data-id=\"39df7d8\" data-element_type=\"widget\" data-widget_type=\"text-editor.default\">\n\t\t\t\t<div class=\"elementor-widget-container\">\n\t\t\t\t\t\t\t\t\t<h1>Pol\u00edtica<strong> de Privacidad<\/strong><\/h1>\nEn Interloginc, nos tomamos muy en serio la privacidad de nuestros estudiantes y clientes. Esta pol\u00edtica de privacidad explica c\u00f3mo recopilamos, utilizamos y protegemos la informaci\u00f3n personal que recopilamos a trav\u00e9s de nuestra plataforma de educaci\u00f3n en l\u00ednea y nuestro sitio web.\n<ol>\n<li><h5>Informaci\u00f3n recopilada<\/h5><\/li>\n\nRecopilamos informaci\u00f3n personal de nuestros estudiantes y clientes para proporcionar una mejor experiencia educativa y para poder brindar un mejor servicio. La informaci\u00f3n recopilada incluye, entre otras, el nombre, direcci\u00f3n de correo electr\u00f3nico, n\u00famero de tel\u00e9fono, direcci\u00f3n postal, historial acad\u00e9mico, preferencias de comunicaci\u00f3n, informaci\u00f3n de pago y otra informaci\u00f3n relacionada con su cuenta y el uso de nuestros servicios.\n\n<li><h5>Uso de la informaci\u00f3n<\/h5><\/li>\n\nUtilizamos la informaci\u00f3n recopilada para proporcionar y mejorar nuestros servicios educativos. Esto incluye, entre otras cosas, la verificaci\u00f3n de su identidad, la comunicaci\u00f3n con usted, la facturaci\u00f3n y el cobro, el desarrollo de contenido personalizado, el an\u00e1lisis de datos, la investigaci\u00f3n y el cumplimiento de nuestras obligaciones legales.\n\n<li><h5>Compartir informaci\u00f3n<\/h5><\/li>\n\n\nNo compartiremos su informaci\u00f3n personal con terceros a menos que se le notifique y se le solicite su consentimiento, o que sea necesario para cumplir con las leyes aplicables o con una orden judicial.\n\n<li><h5>Seguridad<\/h5><\/li>\n\n\nTomamos medidas de seguridad razonables para proteger su informaci\u00f3n personal contra p\u00e9rdida, robo, uso indebido, acceso no autorizado, divulgaci\u00f3n, alteraci\u00f3n y destrucci\u00f3n. Aunque no podemos garantizar la seguridad absoluta de su informaci\u00f3n, trabajamos constantemente para mejorar nuestras medidas de seguridad.\n\n<li><h5>Cambios a esta pol\u00edtica<\/h5><\/li>\n\n\nPodemos actualizar esta pol\u00edtica de vez en cuando, por lo que le recomendamos que revise esta p\u00e1gina peri\u00f3dicamente. Si hacemos cambios significativos en la forma en que utilizamos su informaci\u00f3n personal, le notificaremos mediante un aviso en nuestro sitio web o mediante un correo electr\u00f3nico.\n\n<li><h5>Pol\u00edtica de Cookies<\/h5><\/li>\n\n\nUtilizamos cookies en nuestro sitio web para mejorar la experiencia del usuario y recopilar informaci\u00f3n estad\u00edstica an\u00f3nima. Una cookie es un peque\u00f1o archivo de texto que se guarda en su dispositivo cuando visita nuestro sitio web. Las cookies nos permiten reconocer su dispositivo y proporcionarle una navegaci\u00f3n m\u00e1s personalizada y fluida.\n\nAl utilizar nuestro sitio web, usted acepta nuestra pol\u00edtica de cookies y nos permite colocar estos archivos en su dispositivo. Si no desea permitir el uso de cookies, puede cambiar la configuraci\u00f3n de su navegador para bloquearlas. Sin embargo, tenga en cuenta que algunas funciones de nuestro sitio web pueden no funcionar correctamente si las cookies est\u00e1n deshabilitadas.\n\nLa informaci\u00f3n recolectada mediante las cookies se utiliza \u00fanicamente para fines internos, como el an\u00e1lisis de tr\u00e1fico en el sitio web, y no se comparte con terceros.\n\nAlgunas de las cookies que utilizamos son estrictamente necesarias para el funcionamiento del sitio web, mientras que otras son utilizadas para proporcionar un servicio adicional. Por ejemplo, pueden usarse para recordar sus preferencias de idioma y para evitar que tenga que ingresar sus datos de inicio de sesi\u00f3n cada vez que accede al sitio.\n\n<li><h5>Contacto<\/h5><\/li>\n\n\n\n\nSi tiene alguna pregunta o preocupaci\u00f3n sobre nuestra pol\u00edtica de privacidad, no dude en ponerse en contacto con nosotros a trav\u00e9s de nuestro correo electr\u00f3nico <a href=\"mailto:info@interloginc.com\" target=\"_new\">info.academia@interloginc.com<\/a> o nuestro n\u00famero de tel\u00e9fono <a href=\"https:\/\/academia.interloginc.com\/lms\/politica-privacidad\/#\" target=\"_blank\" rel=\"nofollow noopener\">(+57) 319 5090956.<\/a>\n\nTambi\u00e9n tiene derecho a presentar una queja a la autoridad de protecci\u00f3n de datos correspondiente si considera que no hemos tratado adecuadamente su informaci\u00f3n personal.\n<\/ol>\n\n\t\t\t\t\t\t\t\t<\/div>\n\t\t\t\t<\/div>\n\t\t\t\t\t<\/div>\n\t\t<\/div>\n\t\t\t\t\t<\/div>\n\t\t<\/section>\n\t\t\t\t<\/div>\n\t\t","protected":false},"excerpt":{"rendered":"<p>Pol\u00edtica de Privacidad En Interloginc, nos tomamos muy en serio la privacidad de nuestros estudiantes y clientes. Esta pol\u00edtica de privacidad explica c\u00f3mo recopilamos, utilizamos y protegemos la informaci\u00f3n personal que recopilamos a trav\u00e9s de nuestra plataforma de educaci\u00f3n en &hellip; <\/p>\n","protected":false},"author":1,"featured_media":0,"parent":0,"menu_order":0,"comment_status":"closed","ping_status":"closed","template":"","meta":{"_joinchat":[],"footnotes":""},"class_list":["post-11840","page","type-page","status-publish","hentry"],"jetpack_sharing_enabled":true,"_links":{"self":[{"href":"https:\/\/academia.interloginc.com\/lms\/wp-json\/wp\/v2\/pages\/11840","targetHints":{"allow":["GET"]}}],"collection":[{"href":"https:\/\/academia.interloginc.com\/lms\/wp-json\/wp\/v2\/pages"}],"about":[{"href":"https:\/\/academia.interloginc.com\/lms\/wp-json\/wp\/v2\/types\/page"}],"author":[{"embeddable":true,"href":"https:\/\/academia.interloginc.com\/lms\/wp-json\/wp\/v2\/users\/1"}],"replies":[{"embeddable":true,"href":"https:\/\/academia.interloginc.com\/lms\/wp-json\/wp\/v2\/comments?post=11840"}],"version-history":[{"count":45,"href":"https:\/\/academia.interloginc.com\/lms\/wp-json\/wp\/v2\/pages\/11840\/revisions"}],"predecessor-version":[{"id":11893,"href":"https:\/\/academia.interloginc.com\/lms\/wp-json\/wp\/v2\/pages\/11840\/revisions\/11893"}],"wp:attachment":[{"href":"https:\/\/academia.interloginc.com\/lms\/wp-json\/wp\/v2\/media?parent=11840"}],"curies":[{"name":"wp","href":"https:\/\/api.w.org\/{rel}","templated":true}]}}